{"id":53,"date":"2019-10-07T00:19:02","date_gmt":"2019-10-07T04:19:02","guid":{"rendered":"http:\/\/re-sourceleadership.com\/?page_id=53"},"modified":"2020-01-26T16:01:33","modified_gmt":"2020-01-26T21:01:33","slug":"mission-vision-values","status":"publish","type":"page","link":"https:\/\/re-sourceleadership.com\/fr\/about-us\/mission-vision-values\/","title":{"rendered":"Mission \u2014 Vision \u2014 Valeurs"},"content":{"rendered":"\n<div class=\"featureimg-container\">\n      <img decoding=\"async\" class=\"featureimg\" src=\"\/wp-content\/uploads\/2019\/10\/Wellness_leadership_mieux-etre_102-B_Cropped.jpg\">\n      <img decoding=\"async\" class=\"img-overlay\" src=\"\/wp-content\/uploads\/2019\/10\/overlay_2.png\">\n      <div class=\"text-overlay\"><b>Ce qui nous anime<\/b>\n<\/div>\n<\/div>\n<br><br>\n\n\n\n<h3 class=\"wp-block-heading\"> Notre mission <\/h3>\n\n\n\n<p>Soutenir\nchaque personne et organisation \u00e0 devenir la meilleure version d\u2019elle-m\u00eame\npossible, et \u00e0 d\u00e9velopper un leadership authentique, positif et puissant.<\/p>\n\n\n\n<h3 class=\"wp-block-heading\"> Notre vision <\/h3>\n\n\n\n<p>Amener chaque personne \u00e0 se d\u00e9finir comme leader sain et vrai.<\/p>\n\n\n\n<br><br>\n<div class=\"content_style1\">\n<h3>Nos valeurs<\/h3>\n<p><strong>Respect<\/strong> \u2014 de chaque personne, telle qu\u2019elle est. <\/p>\n<p><strong>Int\u00e9grit\u00e9<\/strong> \u2014 dans la d\u00e9finition du besoin et l\u2019offre de notre soutien. <\/p>\n<p><strong>Courage<\/strong> \u2014 pour prendre en main sa sant\u00e9, reconna\u00eetre les difficult\u00e9s, et toujours continuer. <\/p>\n<p><strong>Apprentissage<\/strong> \u2014 pour aller plus loin, repousser nos limites, et se d\u00e9velopper davantage. <\/p>\n<p><strong>Compassion<\/strong> \u2014 pour reconnaitre nos limitations, s\u2019offrir l\u2019appui dont on a besoin, et grandir.<\/p>\n<p><strong>Positivit\u00e9<\/strong> \u2014 et ainsi faire partie de la solution !<\/p>\n<\/div>\n\n\n\n<div class=\"content_quote\">\n<h3>Notre philosophie<\/h3>\n<p>Chaque personne d\u00e9tient un morceau de la solution globale. \u00c0 RSL, nous d\u00e9sirons vous aider \u00e0 le faire \u00e9merger, \u00e0 faire partie de la solution.<\/p>\n<\/div>\n<div class=\"widget_area\">\n\n\n\n<div class=\"wp-block-columns has-3-columns is-layout-flex wp-container-core-columns-is-layout-9d6595d7 wp-block-columns-is-layout-flex\">\n<div class=\"wp-block-column is-layout-flow wp-block-column-is-layout-flow\">\n<h3 class=\"widget-title wp-block-heading\">Accueil<\/h3>\n\n\n\n<figure class=\"wp-block-image\"><a href=\"http:\/\/re-sourceleadership.com\/fr\/\"><img decoding=\"async\" src=\"http:\/\/re-sourceleadership.com\/wp-content\/uploads\/2019\/10\/Icon_Home.png\" alt=\"\" class=\"wp-image-75\"\/><\/a><\/figure>\n\n\n\n<p class=\"textwidget no-gap\">Obtenir les \u00e9l\u00e9ments cl\u00e9s <\/p>\n\n\n\n<p class=\"textwidget\">sur RSL<\/p>\n<\/div>\n\n\n\n<div class=\"wp-block-column is-layout-flow wp-block-column-is-layout-flow\">\n<h3 class=\"widget-title wp-block-heading\"><strong>Qui nous sommes<\/strong><\/h3>\n\n\n\n<figure class=\"wp-block-image\"><a href=\"http:\/\/re-sourceleadership.com\/fr\/about-us\/\"><img decoding=\"async\" src=\"http:\/\/re-sourceleadership.com\/wp-content\/uploads\/2019\/10\/Icon_AboutUs.png\" alt=\"\" class=\"wp-image-73\"\/><\/a><\/figure>\n\n\n\n<p class=\"textwidget no-gap\">Apprendre d\u2019o\u00f9 vient RSL <\/p>\n\n\n\n<p class=\"textwidget\">et qui l\u2019on est<\/p>\n<\/div>\n\n\n\n<div class=\"wp-block-column is-layout-flow wp-block-column-is-layout-flow\">\n<h3 class=\"widget-title wp-block-heading\"><strong>Pourquoi RSL?<\/strong><\/h3>\n\n\n\n<figure class=\"wp-block-image\"><a href=\"http:\/\/re-sourceleadership.com\/fr\/why-rsl\/\"><img decoding=\"async\" src=\"http:\/\/re-sourceleadership.com\/wp-content\/uploads\/2019\/10\/Icon_WhyRSL.png\" alt=\"\" class=\"wp-image-78\"\/><\/a><\/figure>\n\n\n\n<p class=\"textwidget no-gap\">D\u00e9couvrir ce \u00e0 quoi vous pouvez <\/p>\n\n\n\n<p class=\"textwidget\">vous attendre<\/p>\n<\/div>\n<\/div>\n\n\n\n<div class=\"spacer\"><\/div>\n\n\n\n<div class=\"wp-block-columns has-3-columns is-layout-flex wp-container-core-columns-is-layout-9d6595d7 wp-block-columns-is-layout-flex\">\n<div class=\"wp-block-column is-layout-flow wp-block-column-is-layout-flow\">\n<h3 class=\"widget-title wp-block-heading\"><strong>Nos services<\/strong><\/h3>\n\n\n\n<figure class=\"wp-block-image\"><a href=\"http:\/\/re-sourceleadership.com\/fr\/our-services\/\"><img decoding=\"async\" src=\"http:\/\/re-sourceleadership.com\/wp-content\/uploads\/2019\/10\/Icon_OurServices.png\" alt=\"\" class=\"wp-image-77\"\/><\/a><\/figure>\n\n\n\n<p class=\"textwidget no-gap\">Explorer tout <\/p>\n\n\n\n<p class=\"textwidget\">ce que nous offrons<\/p>\n<\/div>\n\n\n\n<div class=\"wp-block-column is-layout-flow wp-block-column-is-layout-flow\">\n<h3 class=\"widget-title wp-block-heading\">Nos clients<\/h3>\n\n\n\n<figure class=\"wp-block-image\"><a href=\"http:\/\/re-sourceleadership.com\/fr\/our-clients\/\"><img decoding=\"async\" src=\"http:\/\/re-sourceleadership.com\/wp-content\/uploads\/2019\/10\/Icon_OurClients.png\" alt=\"\" class=\"wp-image-76\"\/><\/a><\/figure>\n\n\n\n<p class=\"textwidget no-gap\">Lire ce qu\u2019on dit <\/p>\n\n\n\n<p class=\"textwidget\">de nous<\/p>\n<\/div>\n\n\n\n<div class=\"wp-block-column is-layout-flow wp-block-column-is-layout-flow\">\n<h3 class=\"widget-title wp-block-heading\">Nous joindre<\/h3>\n\n\n\n<figure class=\"wp-block-image\"><a href=\"http:\/\/re-sourceleadership.com\/fr\/contact-us\/\"><img decoding=\"async\" src=\"http:\/\/re-sourceleadership.com\/wp-content\/uploads\/2019\/10\/Icon_ContactUs.png\" alt=\"\" class=\"wp-image-74\"\/><\/a><\/figure>\n\n\n\n<p class=\"textwidget no-gap\">Discuter de vos besoins <\/p>\n\n\n\n<p class=\"textwidget\">L\u2019\u00e9valuation est gratuite<br><\/p>\n<\/div>\n<\/div>\n\n\n\n<\/div>\n","protected":false},"excerpt":{"rendered":"<p>Ce qui nous anime Notre mission Soutenir chaque personne et organisation \u00e0 devenir la meilleure version d\u2019elle-m\u00eame possible, et \u00e0 d\u00e9velopper un leadership authentique, positif et puissant. Notre vision Amener chaque personne \u00e0 se d\u00e9finir comme leader sain et vrai. Nos valeurs Respect \u2014 de chaque personne, telle qu\u2019elle est. Int\u00e9grit\u00e9 \u2014 dans la d\u00e9finition&hellip;<\/p>\n","protected":false},"author":1,"featured_media":0,"parent":46,"menu_order":0,"comment_status":"closed","ping_status":"closed","template":"","meta":{"footnotes":""},"class_list":["post-53","page","type-page","status-publish","hentry"],"translation":{"provider":"WPGlobus","version":"2.12.2","language":"fr","enabled_languages":["en","fr"],"languages":{"en":{"title":true,"content":true,"excerpt":false},"fr":{"title":true,"content":true,"excerpt":false}}},"_links":{"self":[{"href":"https:\/\/re-sourceleadership.com\/fr\/wp-json\/wp\/v2\/pages\/53","targetHints":{"allow":["GET"]}}],"collection":[{"href":"https:\/\/re-sourceleadership.com\/fr\/wp-json\/wp\/v2\/pages"}],"about":[{"href":"https:\/\/re-sourceleadership.com\/fr\/wp-json\/wp\/v2\/types\/page"}],"author":[{"embeddable":true,"href":"https:\/\/re-sourceleadership.com\/fr\/wp-json\/wp\/v2\/users\/1"}],"replies":[{"embeddable":true,"href":"https:\/\/re-sourceleadership.com\/fr\/wp-json\/wp\/v2\/comments?post=53"}],"version-history":[{"count":12,"href":"https:\/\/re-sourceleadership.com\/fr\/wp-json\/wp\/v2\/pages\/53\/revisions"}],"predecessor-version":[{"id":247,"href":"https:\/\/re-sourceleadership.com\/fr\/wp-json\/wp\/v2\/pages\/53\/revisions\/247"}],"up":[{"embeddable":true,"href":"https:\/\/re-sourceleadership.com\/fr\/wp-json\/wp\/v2\/pages\/46"}],"wp:attachment":[{"href":"https:\/\/re-sourceleadership.com\/fr\/wp-json\/wp\/v2\/media?parent=53"}],"curies":[{"name":"wp","href":"https:\/\/api.w.org\/{rel}","templated":true}]}}