{"id":56,"date":"2019-10-07T00:21:03","date_gmt":"2019-10-07T04:21:03","guid":{"rendered":"http:\/\/re-sourceleadership.com\/?page_id=56"},"modified":"2021-09-28T00:04:03","modified_gmt":"2021-09-28T04:04:03","slug":"biography","status":"publish","type":"page","link":"https:\/\/re-sourceleadership.com\/fr\/about-us\/biography\/","title":{"rendered":"Biographie"},"content":{"rendered":"\n<div class=\"featureimg-container\">\n      <img decoding=\"async\" class=\"featureimg\" src=\"\/wp-content\/uploads\/2019\/10\/banner_Image08_01.jpg\"><\/div>\n<p style=\"font-size: 0.8em;font-style: italic; line-height: 1.2; width:95%; text-align:right;\">Louis Young Photo<\/p>\n<br><br>\n\n\n\n<h3 class=\"wp-block-heading\">Virginie Carrier<\/h3>\n\n\n\n<p class=\"has-text-align-left\">Virginie se passionne depuis toujours pour la sant\u00e9 dans tous ses aspects, tout comme le leadership authentique et positif. Depuis plus de 10 ans maintenant, elle s\u2019investit dans des recherches personnelles et de validations plus pouss\u00e9es. <\/p>\n\n\n\n<p style=\"text-align:left\"><span class=\"portrait\"><img decoding=\"async\" src=\"\/wp-content\/uploads\/2019\/10\/wellness_leadership_mieux-etre_25.jpg\" alt=\"Virginie Carrier\"><span style=\"font-size: 0.8em; font-style:italic; line-height: 1.2; width:95%; text-align:right;\">Louis Young Photo<\/span><\/span>\nD\u00e9sirant int\u00e9grer les fruits de ses d\u00e9marches en un tout acc\u00e9l\u00e9rateur de mieux-\u00eatre et de leadership sain, elle en est venue \u00e0 \u00e9laborer le mod\u00e8le de <em>la Roue des leviers de sant\u00e9 globale<\/em><sup>MC<\/sup>, ainsi que son concept servant de guide pour se <em>construire une \u00e9quipe sant\u00e9<\/em><sup>MC<\/sup>. Cela l\u2019a men\u00e9e \u00e0 cr\u00e9er RSL \/ Re-Source Leadership Inc. afin de favoriser l\u2019accroissement du bien-\u00eatre et de la sant\u00e9 des organisations, et des individus qui en font partie.\n<\/p>\n\n\n\n<p class=\"has-text-align-left\">Virginie\ncumule par ailleurs plus d\u2019une d\u00e9cennie de travail en gestion du changement, et\nfocalise plus r\u00e9cemment sur le leadership du changement et le changement\nculturel. Elle a enseign\u00e9 le leadership \u00e0 divers niveaux de gestion, dont aux\ncadres sup\u00e9rieurs. Elle a aussi effectu\u00e9 un passage en immobilier et dans le\nmonde financier.<\/p>\n\n\n\n<p class=\"has-text-align-left\">Virginie\na suivi de nombreuses formations sur divers sujets li\u00e9s \u00e0 la sant\u00e9, ainsi qu\u2019en\nformation et en enseignement, de m\u00eame qu\u2019en coaching. Elle d\u00e9tient plusieurs certifications en\ngestion de changement, en am\u00e9lioration des processus d&#8217;affaires et en\nleadership. Elle poss\u00e8de une ma\u00eetrise en efficacit\u00e9 organisationnelle, ainsi\nqu&#8217;une ma\u00eetrise en gestion de projet. <\/p>\n\n\n\n<p class=\"has-text-align-left\">Cumulant\nplus de 20 ans dans la fonction publique f\u00e9d\u00e9rale, elle y a re\u00e7u plusieurs reconnaissances, dont le <em>Prix\ndu leadership en ressources humaines Michelle C. Comeau<\/em> ainsi que le <em>Prix\ndu sous-ministre et du chef d&#8217;\u00e9tat-major de la D\u00e9fense pour l&#8217;innovation<\/em>.<\/p>\n\n\n\n<p class=\"has-text-align-left\">Virginie pratique divers arts martiaux, le cyclisme et l\u2019entrainement en force. Elle appr\u00e9cie les voyages et le camping. Elle privil\u00e9gie de bons moments avec ses ami.e.s et sa famille, et trouve toujours le temps de lire sur une vari\u00e9t\u00e9 de sujets li\u00e9s \u00e0 la sant\u00e9 et au leadership. Virginie demeure \u00e0 Ottawa avec son conjoint avec qui elle est mari\u00e9e depuis plus de 20 ans.<\/p>\n\n\n\n<div class=\"widget_area\">\n\n\n\n<div class=\"wp-block-columns has-3-columns is-layout-flex wp-container-core-columns-is-layout-9d6595d7 wp-block-columns-is-layout-flex\">\n<div class=\"wp-block-column is-layout-flow wp-block-column-is-layout-flow\">\n<h3 class=\"widget-title wp-block-heading\">Accueil<\/h3>\n\n\n\n<figure class=\"wp-block-image\"><a href=\"http:\/\/re-sourceleadership.com\/fr\/\"><img decoding=\"async\" src=\"http:\/\/re-sourceleadership.com\/wp-content\/uploads\/2019\/10\/Icon_Home.png\" alt=\"\" class=\"wp-image-75\"\/><\/a><\/figure>\n\n\n\n<p class=\"textwidget no-gap\">Obtenir les \u00e9l\u00e9ments cl\u00e9s <\/p>\n\n\n\n<p class=\"textwidget\">sur RSL<\/p>\n<\/div>\n\n\n\n<div class=\"wp-block-column is-layout-flow wp-block-column-is-layout-flow\">\n<h3 class=\"widget-title wp-block-heading\"><strong>Qui nous sommes<\/strong><\/h3>\n\n\n\n<figure class=\"wp-block-image\"><a href=\"http:\/\/re-sourceleadership.com\/fr\/about-us\/\"><img decoding=\"async\" src=\"http:\/\/re-sourceleadership.com\/wp-content\/uploads\/2019\/10\/Icon_AboutUs.png\" alt=\"\" class=\"wp-image-73\"\/><\/a><\/figure>\n\n\n\n<p class=\"textwidget no-gap\">Apprendre d\u2019o\u00f9 vient RSL <\/p>\n\n\n\n<p class=\"textwidget\">et qui l\u2019on est<\/p>\n<\/div>\n\n\n\n<div class=\"wp-block-column is-layout-flow wp-block-column-is-layout-flow\">\n<h3 class=\"widget-title wp-block-heading\"><strong>Pourquoi RSL?<\/strong><\/h3>\n\n\n\n<figure class=\"wp-block-image\"><a href=\"http:\/\/re-sourceleadership.com\/fr\/why-rsl\/\"><img decoding=\"async\" src=\"http:\/\/re-sourceleadership.com\/wp-content\/uploads\/2019\/10\/Icon_WhyRSL.png\" alt=\"\" class=\"wp-image-78\"\/><\/a><\/figure>\n\n\n\n<p class=\"textwidget no-gap\">D\u00e9couvrir ce \u00e0 quoi vous pouvez <\/p>\n\n\n\n<p class=\"textwidget\">vous attendre<\/p>\n<\/div>\n<\/div>\n\n\n\n<div class=\"spacer\"><\/div>\n\n\n\n<div class=\"wp-block-columns has-3-columns is-layout-flex wp-container-core-columns-is-layout-9d6595d7 wp-block-columns-is-layout-flex\">\n<div class=\"wp-block-column is-layout-flow wp-block-column-is-layout-flow\">\n<h3 class=\"widget-title wp-block-heading\"><strong>Nos services<\/strong><\/h3>\n\n\n\n<figure class=\"wp-block-image\"><a href=\"http:\/\/re-sourceleadership.com\/fr\/our-services\/\"><img decoding=\"async\" src=\"http:\/\/re-sourceleadership.com\/wp-content\/uploads\/2019\/10\/Icon_OurServices.png\" alt=\"\" class=\"wp-image-77\"\/><\/a><\/figure>\n\n\n\n<p class=\"textwidget no-gap\">Explorer tout <\/p>\n\n\n\n<p class=\"textwidget\">ce que nous offrons<\/p>\n<\/div>\n\n\n\n<div class=\"wp-block-column is-layout-flow wp-block-column-is-layout-flow\">\n<h3 class=\"widget-title wp-block-heading\">Nos clients<\/h3>\n\n\n\n<figure class=\"wp-block-image\"><a href=\"http:\/\/re-sourceleadership.com\/fr\/our-clients\/\"><img decoding=\"async\" src=\"http:\/\/re-sourceleadership.com\/wp-content\/uploads\/2019\/10\/Icon_OurClients.png\" alt=\"\" class=\"wp-image-76\"\/><\/a><\/figure>\n\n\n\n<p class=\"textwidget no-gap\">Lire ce qu\u2019on dit <\/p>\n\n\n\n<p class=\"textwidget\">de nous<\/p>\n<\/div>\n\n\n\n<div class=\"wp-block-column is-layout-flow wp-block-column-is-layout-flow\">\n<h3 class=\"widget-title wp-block-heading\">Nous joindre<\/h3>\n\n\n\n<figure class=\"wp-block-image\"><a href=\"http:\/\/re-sourceleadership.com\/fr\/contact-us\/\"><img decoding=\"async\" src=\"http:\/\/re-sourceleadership.com\/wp-content\/uploads\/2019\/10\/Icon_ContactUs.png\" alt=\"\" class=\"wp-image-74\"\/><\/a><\/figure>\n\n\n\n<p class=\"textwidget no-gap\">Discuter de vos besoins <\/p>\n\n\n\n<p class=\"textwidget\">L\u2019\u00e9valuation est gratuite<br><\/p>\n<\/div>\n<\/div>\n\n\n\n<\/div>\n","protected":false},"excerpt":{"rendered":"<p>Louis Young Photo Virginie Carrier Virginie se passionne depuis toujours pour la sant\u00e9 dans tous ses aspects, tout comme le leadership authentique et positif. Depuis plus de 10 ans maintenant, elle s\u2019investit dans des recherches personnelles et de validations plus pouss\u00e9es. Louis Young Photo D\u00e9sirant int\u00e9grer les fruits de ses d\u00e9marches en un tout acc\u00e9l\u00e9rateur&hellip;<\/p>\n","protected":false},"author":1,"featured_media":0,"parent":46,"menu_order":1,"comment_status":"closed","ping_status":"closed","template":"","meta":{"footnotes":""},"class_list":["post-56","page","type-page","status-publish","hentry"],"translation":{"provider":"WPGlobus","version":"2.12.2","language":"fr","enabled_languages":["en","fr"],"languages":{"en":{"title":true,"content":true,"excerpt":false},"fr":{"title":true,"content":true,"excerpt":false}}},"_links":{"self":[{"href":"https:\/\/re-sourceleadership.com\/fr\/wp-json\/wp\/v2\/pages\/56","targetHints":{"allow":["GET"]}}],"collection":[{"href":"https:\/\/re-sourceleadership.com\/fr\/wp-json\/wp\/v2\/pages"}],"about":[{"href":"https:\/\/re-sourceleadership.com\/fr\/wp-json\/wp\/v2\/types\/page"}],"author":[{"embeddable":true,"href":"https:\/\/re-sourceleadership.com\/fr\/wp-json\/wp\/v2\/users\/1"}],"replies":[{"embeddable":true,"href":"https:\/\/re-sourceleadership.com\/fr\/wp-json\/wp\/v2\/comments?post=56"}],"version-history":[{"count":20,"href":"https:\/\/re-sourceleadership.com\/fr\/wp-json\/wp\/v2\/pages\/56\/revisions"}],"predecessor-version":[{"id":282,"href":"https:\/\/re-sourceleadership.com\/fr\/wp-json\/wp\/v2\/pages\/56\/revisions\/282"}],"up":[{"embeddable":true,"href":"https:\/\/re-sourceleadership.com\/fr\/wp-json\/wp\/v2\/pages\/46"}],"wp:attachment":[{"href":"https:\/\/re-sourceleadership.com\/fr\/wp-json\/wp\/v2\/media?parent=56"}],"curies":[{"name":"wp","href":"https:\/\/api.w.org\/{rel}","templated":true}]}}