{"id":59,"date":"2019-10-07T00:22:51","date_gmt":"2019-10-07T04:22:51","guid":{"rendered":"http:\/\/re-sourceleadership.com\/?page_id=59"},"modified":"2021-09-28T00:06:55","modified_gmt":"2021-09-28T04:06:55","slug":"why-rsl","status":"publish","type":"page","link":"https:\/\/re-sourceleadership.com\/fr\/why-rsl\/","title":{"rendered":"Pourquoi RSL?"},"content":{"rendered":"\n<div class=\"featureimg-container\">\n      <img decoding=\"async\" class=\"featureimg\" src=\"\/wp-content\/uploads\/2019\/10\/Banner_Image03_01.jpg\">\n      <img decoding=\"async\" class=\"img-overlay\" src=\"\/wp-content\/uploads\/2019\/10\/overlay_2.png\">\n      <div class=\"text-overlay\">\n<b>Vie saine, <br>leadership sain.<\/b><\/div>\n<\/div>\n<p style=\"font-size: 0.8em;font-style: italic; line-height: 1.2; width:95%; text-align:right;\">Paradise cascade de Mario Antonio Pena Zapater\u00eda, utilis\u00e9e selon <a href=\"https:\/\/creativecommons.org\/licenses\/by\/2.0\/\">CC BY<\/a> \/ Recadr\u00e9e \/ 24-03-2019<\/p>\n\n\n\n<br><br>\n\n\n\n<h3 style=\"text-align:left; color: #262262;\">Il nous faut bien admettre :<\/h3>\n<ul style=\"text-align:left;\">\n<li>Les pressions de la vie sont omnipr\u00e9sentes et ne s\u2019en iront pas demain<\/li>\n<li>Le risque de d\u00e9velopper un malaise est bien r\u00e9el<\/li>\n<li>La complexit\u00e9 dans la vie et au travail continue de s\u2019accro\u00eetre<\/li>\n<\/ul>\n\n\n\n<br><br>\n\n\n\n<div class=\"content_quote\">\n<h3 style=\"text-align:left;\">En faisant appel \u00e0 nos services, vous pouvez vous attendre \u00e0 :<\/h3>\n<ul style=\"text-align:left;\">\n<li>Accro\u00eetre votre productivit\u00e9 personnelle, d\u2019\u00e9quipe, organisationnelle<\/li>\n<li>Augmenter votre r\u00e9silience et celle de votre organisation<\/li>\n<li>Am\u00e9liorer les relations &#x2194; Diminuer les tensions et incompr\u00e9hensions<\/li>\n<li>Rehausser sant\u00e9 et mieux-\u00eatre &#x2194; R\u00e9duire les absences dues aux maladies et au mal-\u00eatre<\/li>\n<li>D\u00e9couvrir votre source de leadership et l\u2019exprimer de fa\u00e7on authentique avec succ\u00e8s<\/li>\n<li>Construire un leadership sain, positif, productif!<\/li>\n<\/ul>\n<\/div>\n<div class=\"widget_area\">\n\n\n\n<div class=\"wp-block-columns has-3-columns is-layout-flex wp-container-core-columns-is-layout-9d6595d7 wp-block-columns-is-layout-flex\">\n<div class=\"wp-block-column is-layout-flow wp-block-column-is-layout-flow\">\n<h3 class=\"widget-title wp-block-heading\">Accueil<\/h3>\n\n\n\n<figure class=\"wp-block-image\"><a href=\"http:\/\/re-sourceleadership.com\/fr\/\"><img decoding=\"async\" src=\"http:\/\/re-sourceleadership.com\/wp-content\/uploads\/2019\/10\/Icon_Home.png\" alt=\"\" class=\"wp-image-75\"\/><\/a><\/figure>\n\n\n\n<p class=\"textwidget no-gap\">Obtenir les \u00e9l\u00e9ments cl\u00e9s <\/p>\n\n\n\n<p class=\"textwidget\">sur RSL<\/p>\n<\/div>\n\n\n\n<div class=\"wp-block-column is-layout-flow wp-block-column-is-layout-flow\">\n<h3 class=\"widget-title wp-block-heading\"><strong>Qui nous sommes<\/strong><\/h3>\n\n\n\n<figure class=\"wp-block-image\"><a href=\"http:\/\/re-sourceleadership.com\/about-us\/\"><img decoding=\"async\" src=\"http:\/\/re-sourceleadership.com\/wp-content\/uploads\/2019\/10\/Icon_AboutUs.png\" alt=\"\" class=\"wp-image-73\"\/><\/a><\/figure>\n\n\n\n<p class=\"textwidget no-gap\">Apprendre d\u2019o\u00f9 vient RSL <\/p>\n\n\n\n<p class=\"textwidget\">et qui l\u2019on est<\/p>\n<\/div>\n\n\n\n<div class=\"wp-block-column is-layout-flow wp-block-column-is-layout-flow\">\n<h3 class=\"widget-title wp-block-heading\"><strong>Nos services<\/strong><\/h3>\n\n\n\n<figure class=\"wp-block-image\"><a href=\"http:\/\/re-sourceleadership.com\/fr\/our-services\/\"><img decoding=\"async\" src=\"http:\/\/re-sourceleadership.com\/wp-content\/uploads\/2019\/10\/Icon_OurServices.png\" alt=\"\" class=\"wp-image-77\"\/><\/a><\/figure>\n\n\n\n<p class=\"textwidget no-gap\">Explorer tout <\/p>\n\n\n\n<p class=\"textwidget\">ce que nous offrons<\/p>\n<\/div>\n<\/div>\n\n\n\n<div class=\"spacer\"><\/div>\n\n\n\n<div class=\"wp-block-columns has-4-columns is-layout-flex wp-container-core-columns-is-layout-9d6595d7 wp-block-columns-is-layout-flex\">\n<div class=\"wp-block-column is-layout-flow wp-block-column-is-layout-flow\"><\/div>\n\n\n\n<div class=\"wp-block-column is-layout-flow wp-block-column-is-layout-flow\">\n<h3 class=\"widget-title wp-block-heading\">Nos clients<\/h3>\n\n\n\n<figure class=\"wp-block-image\"><a href=\"http:\/\/re-sourceleadership.com\/fr\/our-clients\/\"><img decoding=\"async\" src=\"http:\/\/re-sourceleadership.com\/wp-content\/uploads\/2019\/10\/Icon_OurClients.png\" alt=\"\" class=\"wp-image-76\"\/><\/a><\/figure>\n\n\n\n<p class=\"textwidget no-gap\">Lire ce qu\u2019on dit <\/p>\n\n\n\n<p class=\"textwidget\">de nous<\/p>\n<\/div>\n\n\n\n<div class=\"wp-block-column is-layout-flow wp-block-column-is-layout-flow\">\n<h3 class=\"widget-title wp-block-heading\">Nous joindre<\/h3>\n\n\n\n<figure class=\"wp-block-image\"><a href=\"http:\/\/re-sourceleadership.com\/fr\/contact-us\/\"><img decoding=\"async\" src=\"http:\/\/re-sourceleadership.com\/wp-content\/uploads\/2019\/10\/Icon_ContactUs.png\" alt=\"\" class=\"wp-image-74\"\/><\/a><\/figure>\n\n\n\n<p class=\"textwidget no-gap\">Discuter de vos besoins <\/p>\n\n\n\n<p class=\"textwidget\">L\u2019\u00e9valuation est gratuite<br><\/p>\n<\/div>\n\n\n\n<div class=\"wp-block-column is-layout-flow wp-block-column-is-layout-flow\"><\/div>\n<\/div>\n\n\n\n<\/div>\n","protected":false},"excerpt":{"rendered":"<p>Vie saine, leadership sain. Paradise cascade de Mario Antonio Pena Zapater\u00eda, utilis\u00e9e selon CC BY \/ Recadr\u00e9e \/ 24-03-2019 Il nous faut bien admettre : Les pressions de la vie sont omnipr\u00e9sentes et ne s\u2019en iront pas demain Le risque de d\u00e9velopper un malaise est bien r\u00e9el La complexit\u00e9 dans la vie et au travail&hellip;<\/p>\n","protected":false},"author":1,"featured_media":0,"parent":0,"menu_order":2,"comment_status":"closed","ping_status":"closed","template":"","meta":{"footnotes":""},"class_list":["post-59","page","type-page","status-publish","hentry"],"translation":{"provider":"WPGlobus","version":"2.12.2","language":"fr","enabled_languages":["en","fr"],"languages":{"en":{"title":true,"content":true,"excerpt":false},"fr":{"title":true,"content":true,"excerpt":false}}},"_links":{"self":[{"href":"https:\/\/re-sourceleadership.com\/fr\/wp-json\/wp\/v2\/pages\/59","targetHints":{"allow":["GET"]}}],"collection":[{"href":"https:\/\/re-sourceleadership.com\/fr\/wp-json\/wp\/v2\/pages"}],"about":[{"href":"https:\/\/re-sourceleadership.com\/fr\/wp-json\/wp\/v2\/types\/page"}],"author":[{"embeddable":true,"href":"https:\/\/re-sourceleadership.com\/fr\/wp-json\/wp\/v2\/users\/1"}],"replies":[{"embeddable":true,"href":"https:\/\/re-sourceleadership.com\/fr\/wp-json\/wp\/v2\/comments?post=59"}],"version-history":[{"count":14,"href":"https:\/\/re-sourceleadership.com\/fr\/wp-json\/wp\/v2\/pages\/59\/revisions"}],"predecessor-version":[{"id":284,"href":"https:\/\/re-sourceleadership.com\/fr\/wp-json\/wp\/v2\/pages\/59\/revisions\/284"}],"wp:attachment":[{"href":"https:\/\/re-sourceleadership.com\/fr\/wp-json\/wp\/v2\/media?parent=59"}],"curies":[{"name":"wp","href":"https:\/\/api.w.org\/{rel}","templated":true}]}}