{"id":62,"date":"2019-10-07T00:24:31","date_gmt":"2019-10-07T04:24:31","guid":{"rendered":"http:\/\/re-sourceleadership.com\/?page_id=62"},"modified":"2021-09-28T00:10:24","modified_gmt":"2021-09-28T04:10:24","slug":"our-services","status":"publish","type":"page","link":"https:\/\/re-sourceleadership.com\/fr\/our-services\/","title":{"rendered":"Nos services"},"content":{"rendered":"\n<div class=\"featureimg-container\">\n      <img decoding=\"async\" class=\"featureimg\" src=\"\/wp-content\/uploads\/2019\/10\/Banner_Image04_01.jpg\">\n      <img decoding=\"async\" class=\"img-overlay\" src=\"\/wp-content\/uploads\/2019\/10\/overlay_2.png\">\n      <div class=\"text-overlay\">\n<b>Tous les services sont offerts<br>\nen fran\u00e7ais, en anglais ou en format bilingue<\/b>\n<\/div>\n<\/div>\n<p style=\"font-size: 0.8em;font-style: italic; line-height: 1.2; width:95%; text-align:right;\">Louis Young Photo<\/p>\n\n\n\n<br><br><br>\n\n\n\n<p class=\"no-gap\"><strong> \u00ab&nbsp;D\u00e9couvrez <em>les 6 Leviers<\/em><sup>MC<\/sup>&nbsp;cl\u00e9s et \u00e9levez votre sant\u00e9 et bien-\u00eatre!<\/strong><\/p>\n\n\n\n<p><strong>Utilisez <em>les 6 Leviers<\/em><sup>MC<\/sup>&nbsp;cl\u00e9s et devenez le leader que vous \u00e9tiez appel\u00e9 \u00e0 devenir!&nbsp;\u00bb  <\/strong><\/p>\n\n\n\n<figure class=\"wp-block-image\"><img decoding=\"async\" src=\"http:\/\/re-sourceleadership.com\/wp-content\/uploads\/2019\/10\/Roue_Leviers-Sant\u00e9-Mieux-Etre_500.jpg\" alt=\"the Levers Of Wellness Wheel\" class=\"wp-image-660\" width=\"500\"><\/figure>\n\n\n\n<br><br>\n<button type=\"button\" class=\"expandall\">Afficher tout<\/button>\n<button type=\"button\" class=\"collapseall\">Replier tout<\/button>\n\n\n\n<h3 class=\"wp-block-heading\"> Apprentissage et d\u00e9veloppement<\/h3>\n\n\n\n<h4 class=\"leftalign wp-block-heading\"><strong>Sant\u00e9, mieux-\u00eatre, r\u00e9silience \u2014 <em>Les 6 Leviers<\/em><sup>MC<\/sup>&nbsp;cl\u00e9s<\/strong><\/h4>\n\n\n\n<br><span class=\"collapseomatic \" id=\"id69e5ec9acaf8c\"  tabindex=\"0\" title=\"Pr\u00e9sentation \/ Allocution\"    >Pr\u00e9sentation \/ Allocution<\/span><div id=\"target-id69e5ec9acaf8c\" class=\"collapseomatic_content \"><br>\n\n\n\n<p>Dur\u00e9e : 1,5 \u00e0 2 heures<\/p>\n\n\n\n<p class=\"no-gap\">\u00b7&nbsp;&nbsp;&nbsp;&nbsp;Pour petits\net grands groupes<\/p>\n\n\n\n<p class=\"no-gap\">\u00b7&nbsp;&nbsp;&nbsp;&nbsp;Participative<\/p>\n\n\n\n<p class=\"no-gap\">\u00b7&nbsp;&nbsp;&nbsp;&nbsp;Renseigne sur\nle mod\u00e8le de <em>la Roue des leviers de sant\u00e9 globale<\/em><sup>MC<\/sup><\/p>\n\n\n\n<p>\u00b7&nbsp;&nbsp;&nbsp;&nbsp;Fournit\nles grandes lignes de l\u2019approche<\/p>\n\n\n\n<p><strong>R\u00e9sultats attendus&nbsp;:<\/strong> \u00c0 la suite de la pr\u00e9sentation, vous conna\u00eetrez les meilleures pratiques qui vous permettront d\u2019accro\u00eetre votre bien-\u00eatre et sant\u00e9 globale.<\/p>\n\n\n\n<\/div><br><br>\n<span class=\"collapseomatic \" id=\"id69e5ec9acafb7\"  tabindex=\"0\" title=\"Atelier \u2014 Partie I : Les fondements\"    >Atelier \u2014 Partie I : Les fondements<\/span><div id=\"target-id69e5ec9acafb7\" class=\"collapseomatic_content \"><br>\n\n\n\n<p>Dur\u00e9e : demi-journ\u00e9e<\/p>\n\n\n\n<p class=\"no-gap\">\u00b7&nbsp;&nbsp;&nbsp;&nbsp;Pour petits\net moyens groupes<\/p>\n\n\n\n<p class=\"no-gap\">\u00b7&nbsp;&nbsp;&nbsp;&nbsp;Hautement\ninteractif<\/p>\n\n\n\n<p class=\"no-gap\">\u00b7&nbsp;&nbsp;&nbsp;&nbsp;Explique\nle mod\u00e8le de <em>la Roue des leviers de sant\u00e9 globale<\/em><sup>MC<\/sup><\/p>\n\n\n\n<p class=\"no-gap\">\u00b7&nbsp;&nbsp;&nbsp;&nbsp;D\u00e9crit\nl\u2019approche int\u00e9gratrice et synerg\u00e9tique<\/p>\n\n\n\n<p>\u00b7&nbsp;&nbsp;&nbsp;&nbsp;D\u00e9montre\net favorise la mise en pratique du mod\u00e8le de <em>la Roue des leviers de sant\u00e9\nglobale<\/em><sup>MC<\/sup><\/p>\n\n\n\n<p><strong>R\u00e9sultats attendus&nbsp;: <\/strong>Apr\u00e8s avoir suivi cet atelier, vous d\u00e9tiendrez une foule de renseignements et conna\u00eetrez la fa\u00e7on de mettre en \u0153uvre <em>les 6 Leviers<\/em><sup>MC<\/sup>&nbsp;du mod\u00e8le de la Roue vous permettant d\u2019am\u00e9liorer votre bien-\u00eatre et sant\u00e9 globale.<\/p>\n\n\n\n<\/div><br><br>\n<span class=\"collapseomatic \" id=\"id69e5ec9acafcd\"  tabindex=\"0\" title=\"Atelier \u2014 Partie II : Approfondir\"    >Atelier \u2014 Partie II : Approfondir<\/span><div id=\"target-id69e5ec9acafcd\" class=\"collapseomatic_content \"><br>\n\n\n\n<p>Dur\u00e9e : demi-journ\u00e9e<\/p>\n\n\n\n<p class=\"no-gap\">\u00b7&nbsp;&nbsp;&nbsp;&nbsp;Pour petits\net moyens groupes<\/p>\n\n\n\n<p>\u00b7&nbsp;&nbsp;&nbsp;&nbsp;Hautement\ninteractif<\/p>\n\n\n\n<p>Fort\ndes apprentissages acquis gr\u00e2ce au mod\u00e8le de <em>la Roue des leviers de sant\u00e9\nglobale<\/em><sup>MC<\/sup>&nbsp;explor\u00e9 durant l\u2019atelier pr\u00e9sentant les fondements, cet atelier\nd&#8217;approfondissement&nbsp;:<\/p>\n\n\n\n<p class=\"no-gap\">\u00b7&nbsp;&nbsp;&nbsp;&nbsp;Fournit les\nguides permettant de construire sur mesure son \u00e9quipe sant\u00e9 personnalis\u00e9e<\/p>\n\n\n\n<p class=\"no-gap\">\u00b7&nbsp;&nbsp;&nbsp;&nbsp;Permet\nl\u2019identification des besoins uniques de chacun<\/p>\n\n\n\n<p class=\"no-gap\">\u00b7&nbsp;&nbsp;&nbsp;&nbsp;Indique le\nprocessus \u00e0 suivre pour continuellement s\u2019adapter \u00e0 une r\u00e9alit\u00e9 changeante<\/p>\n\n\n\n<p>\u00b7&nbsp;&nbsp;&nbsp;&nbsp;Procure des\nparam\u00e8tres s\u2019assurant de se construire la meilleure \u00e9quipe sant\u00e9 dont on a\nbesoin, au moment o\u00f9 on en a besoin<\/p>\n\n\n\n<p><strong>R\u00e9sultats attendus&nbsp;: <\/strong>Gr\u00e2ce \u00e0 cet atelier d\u2019approfondissement, vous saurez comment utiliser <em>les 6 leviers<\/em><sup>MC<\/sup>&nbsp;afin de <em>construire votre \u00e9quipe sant\u00e9<\/em><sup>MC<\/sup>&nbsp;personnelle qui vous accompagnera et vous soutiendra dans votre d\u00e9marche de mieux-\u00eatre, r\u00e9silience et sant\u00e9 globale.<\/p>\n\n\n\n<\/div><br><br>\n<span class=\"collapseomatic \" id=\"id69e5ec9acafdf\"  tabindex=\"0\" title=\"Formation globale (combine les ateliers I et II)\"    >Formation globale (combine les ateliers I et II)<\/span><div id=\"target-id69e5ec9acafdf\" class=\"collapseomatic_content \"><br>\n\n\n\n<p>Dur\u00e9e\n: 1 journ\u00e9e<\/p>\n\n\n\n<p class=\"no-gap\">\u00b7&nbsp;&nbsp;&nbsp;&nbsp;Pour petits\net moyens groupes<\/p>\n\n\n\n<p class=\"no-gap\">\u00b7&nbsp;&nbsp;&nbsp;&nbsp;Active et\ninteractive<\/p>\n\n\n\n<p class=\"no-gap\">\u00b7&nbsp;&nbsp;&nbsp;&nbsp;D\u00e9montre le\nmod\u00e8le de <em>la Roue des leviers de sant\u00e9 globale<\/em><sup>MC<\/sup><\/p>\n\n\n\n<p class=\"no-gap\">\u00b7&nbsp;&nbsp;&nbsp;&nbsp;Explique\nl\u2019approche int\u00e9gratrice<\/p>\n\n\n\n<p class=\"no-gap\">\u00b7&nbsp;&nbsp;&nbsp;&nbsp;Passe \u00e0\nl\u2019action par la mise en \u0153uvre de pratiques de mieux-\u00eatre exemplaires et bas\u00e9es\nsur la recherche<\/p>\n\n\n\n<p class=\"no-gap\">\u00b7&nbsp;&nbsp;&nbsp;&nbsp;Guide dans la\nconstruction sur mesure de sa propre \u00e9quipe sant\u00e9 selon ses besoins uniques<\/p>\n\n\n\n<p>\u00b7&nbsp;&nbsp;&nbsp;&nbsp;D\u00e9taille le\nprocessus \u00e0 suivre pour continuellement s\u2019ajuster dans une r\u00e9alit\u00e9 changeante<\/p>\n\n\n\n<p><strong>R\u00e9sultats attendus&nbsp;:<\/strong> \u00c0 la suite de cette formation, vous connaitrez chacun des leviers que vous pouvez utiliser pour maximiser votre sant\u00e9 et votre bien-\u00eatre. Vous saurez par ailleurs de quelles personnes cl\u00e9s vous entourer afin d\u2019\u00eatre bien soutenu dans votre d\u00e9marche de mieux-\u00eatre.<\/p>\n\n\n\n<\/div><br><br>\n<span class=\"collapseomatic \" id=\"id69e5ec9acafef\"  tabindex=\"0\" title=\"Personnalisation de la formation\"    >Personnalisation de la formation<\/span><div id=\"target-id69e5ec9acafef\" class=\"collapseomatic_content \"><br>\n\n\n\n<p>Il\nest possible de se pr\u00e9valoir de sessions* personnalis\u00e9es de coaching \u00e0 la suite\nde la formation.<\/p>\n\n\n\n<p>Ces sessions portent sur le plan d\u2019action \u00e9labor\u00e9 par le participant lors de la formation. Elles visent \u00e0 rep\u00e9rer au plus t\u00f4t les ajustements souhaitables. Elles guident et soutiennent chaque personne dans sa mise en pratique de son plan d\u2019action en accroissant son efficience et efficacit\u00e9. <\/p>\n\n\n\n<p>*\nLe nombre de sessions d\u00e9pend des objectifs d\u2019am\u00e9lioration vis\u00e9s et cela, en\nfonction de la situation personnelle du participant. Une co-\u00e9valuation sera\nfaite avec chaque personne int\u00e9ress\u00e9e par le coaching personnalis\u00e9 et une\nestimation sera propos\u00e9e.<\/p>\n\n\n\n<p><strong>R\u00e9sultats attendus&nbsp;:<\/strong> Vous serez guid\u00e9 et soutenu dans la mise en \u0153uvre de votre plan d\u2019action. Vous serez en mesure d\u2019effectuer les raffinements requis en temps opportun, ce qui vous permettra d\u2019\u00e9conomiser temps, argent et \u00e9nergie. Ce coaching favorisera la consolidation et l\u2019int\u00e9gration des apprentissages tir\u00e9s de la formation.<\/p>\n\n\n\n<\/div><br>\n\n\n\n<h4 class=\"leftalign wp-block-heading\"><strong>D\u00e9veloppement du leadership \u2014 <em>La puissance d\u2019un leader en pleine sant\u00e9<\/em><sup>MC<\/sup><\/strong><\/h4>\n\n\n\n<br><span class=\"collapseomatic \" id=\"id69e5ec9acb001\"  tabindex=\"0\" title=\"Leadership, influence et mobilisation\"    >Leadership, influence et mobilisation<\/span><div id=\"target-id69e5ec9acb001\" class=\"collapseomatic_content \"><br>\n\n\n\n<p class=\"no-gap\"><strong><em>\u00ab Vous pouvez toujours diriger les autres.<\/em><\/strong><\/p>\n\n\n\n<p><strong><em>               Ou vous pouvez devenir ce leader que les autres d\u00e9sirent accompagner. \u00bb<\/em><\/strong><\/p>\n\n\n\n<p>Nous collaborons avec plusieurs\ncompagnies sp\u00e9cialis\u00e9es qui ont \u00e9labor\u00e9 des m\u00e9thodes tr\u00e8s puissantes de\nleadership et de mobilisation.<\/p>\n\n\n\n<p>Ces m\u00e9thodes deviennent d\u2019autant plus\npuissantes lorsque les leaders qui les emploient veillent en premier lieu \u00e0\nleur sant\u00e9 et bien-\u00eatre en utilisant <em>les 6 Leviers<\/em><sup>MC<\/sup>.<\/p>\n\n\n\n<p>En plus des formations que nous offrons et que nous avons d\u00e9crites pr\u00e9c\u00e9demment, nous sugg\u00e9rons de consid\u00e9rer certaines formations qui sont compl\u00e9mentaires et synergiques aux <em>6 Leviers<\/em><sup>MC<\/sup>.<\/p>\n\n\n\n<p>Si vous d\u00e9sirez \u00e9valuer ce qui est\npr\u00e9f\u00e9rable pour vous parmi toute la formation offerte, nous vous invitons \u00e0 communiquer\navec nous. Il nous fera plaisir de vous guider dans la d\u00e9termination de ce qui\nvous serait le plus profitable.<\/p>\n\n\n\n<p>Ensuite, vous d\u00e9ciderez.<\/p>\n\n\n\n<p><strong>R\u00e9sultats attendus <\/strong>[si vous choisissez de suivre ces formations] : Par l\u2019entremise de ces formations et ces programmes de d\u00e9veloppement en leadership, vous aurez acquis des connaissances et surtout, d\u00e9velopp\u00e9 des habilet\u00e9s cl\u00e9s pour assurer votre leadership de fa\u00e7on saine et efficace quelle que soit la situation rencontr\u00e9e.<\/p>\n\n\n\n<\/div><br><br><br>\n\n\n\n<h3 class=\"wp-block-heading\"> Consultation en organisation <\/h3>\n\n\n\n<br><span class=\"collapseomatic \" id=\"id69e5ec9acb020\"  tabindex=\"0\" title=\"Services conseils\"    >Services conseils<\/span><div id=\"target-id69e5ec9acb020\" class=\"collapseomatic_content \"><br>\n\n\n\n<p><strong><em>\u00ab&nbsp;\u00c0 tous les niveaux de votre organisation,<\/em><\/strong><\/p>\n\n\n\n<p><strong><em>&nbsp;&nbsp;&nbsp;&nbsp;&nbsp;&nbsp;&nbsp;&nbsp;&nbsp;&nbsp;&nbsp;&nbsp;&nbsp;&nbsp;&nbsp;&nbsp;&nbsp;&nbsp;&nbsp;&nbsp;&nbsp;&nbsp;&nbsp; pour atteindre le plus haut niveau possible!&nbsp;\u00bb<\/em><\/strong><\/p>\n\n\n\n<p>Si\nvous d\u00e9sirez am\u00e9liorer la sant\u00e9 et le mieux-\u00eatre au sein de votre \u00e9quipe ou\norganisation et souhaitez recevoir des recommandations pour vous guider quant\naux meilleures approches pour mettre en oeuvre ces changements et aller de\nl\u2019avant avec vos interventions, vous pouvez faire appel \u00e0 nos services\nexperts.&nbsp;<\/p>\n\n\n\n<p>Nous\nsommes l\u00e0 pour vous soutenir et vous guider, en vous fournissant l\u2019expertise\nancr\u00e9e dans la pratique qui, \u00e0 son tour, appuiera et aiguisera vos propres\npratiques visant \u00e0 consolider un leadership sain.<\/p>\n\n\n\n<\/div><br><br>\n<p>Contactez-nous pour discuter de vos besoins! L\u2019\u00e9valuation est gratuite.<\/p>\n<br><br>\n<div class=\"widget_area\">\n\n\n\n<div class=\"wp-block-columns has-3-columns is-layout-flex wp-container-core-columns-is-layout-9d6595d7 wp-block-columns-is-layout-flex\">\n<div class=\"wp-block-column is-layout-flow wp-block-column-is-layout-flow\">\n<h3 class=\"widget-title wp-block-heading\">Accueil<\/h3>\n\n\n\n<figure class=\"wp-block-image\"><a href=\"http:\/\/re-sourceleadership.com\/fr\/\"><img decoding=\"async\" src=\"http:\/\/re-sourceleadership.com\/wp-content\/uploads\/2019\/10\/Icon_Home.png\" alt=\"\" class=\"wp-image-75\"\/><\/a><\/figure>\n\n\n\n<p class=\"textwidget no-gap\">Obtenir les \u00e9l\u00e9ments cl\u00e9s <\/p>\n\n\n\n<p class=\"textwidget\">sur RSL<\/p>\n<\/div>\n\n\n\n<div class=\"wp-block-column is-layout-flow wp-block-column-is-layout-flow\">\n<h3 class=\"widget-title wp-block-heading\"><strong>Qui nous sommes<\/strong><\/h3>\n\n\n\n<figure class=\"wp-block-image\"><a href=\"http:\/\/re-sourceleadership.com\/fr\/about-us\/\"><img decoding=\"async\" src=\"http:\/\/re-sourceleadership.com\/wp-content\/uploads\/2019\/10\/Icon_AboutUs.png\" alt=\"\" class=\"wp-image-73\"\/><\/a><\/figure>\n\n\n\n<p class=\"textwidget no-gap\">Apprendre d\u2019o\u00f9 vient RSL <\/p>\n\n\n\n<p class=\"textwidget\">et qui l\u2019on est<\/p>\n<\/div>\n\n\n\n<div class=\"wp-block-column is-layout-flow wp-block-column-is-layout-flow\">\n<h3 class=\"widget-title wp-block-heading\"><strong>Pourquoi RSL?<\/strong><\/h3>\n\n\n\n<figure class=\"wp-block-image\"><a href=\"http:\/\/re-sourceleadership.com\/fr\/why-rsl\/\"><img decoding=\"async\" src=\"http:\/\/re-sourceleadership.com\/wp-content\/uploads\/2019\/10\/Icon_WhyRSL.png\" alt=\"\" class=\"wp-image-78\"\/><\/a><\/figure>\n\n\n\n<p class=\"textwidget no-gap\">D\u00e9couvrir ce \u00e0 quoi vous pouvez <\/p>\n\n\n\n<p class=\"textwidget\">vous attendre<\/p>\n<\/div>\n<\/div>\n\n\n\n<div class=\"spacer\"><\/div>\n\n\n\n<div class=\"wp-block-columns has-4-columns is-layout-flex wp-container-core-columns-is-layout-9d6595d7 wp-block-columns-is-layout-flex\">\n<div class=\"wp-block-column is-layout-flow wp-block-column-is-layout-flow\"><\/div>\n\n\n\n<div class=\"wp-block-column is-layout-flow wp-block-column-is-layout-flow\">\n<h3 class=\"widget-title wp-block-heading\">Nos clients<\/h3>\n\n\n\n<figure class=\"wp-block-image\"><a href=\"http:\/\/re-sourceleadership.com\/fr\/our-clients\/\"><img decoding=\"async\" src=\"http:\/\/re-sourceleadership.com\/wp-content\/uploads\/2019\/10\/Icon_OurClients.png\" alt=\"\" class=\"wp-image-76\"\/><\/a><\/figure>\n\n\n\n<p class=\"textwidget no-gap\">Lire ce qu\u2019on dit <\/p>\n\n\n\n<p class=\"textwidget\">de nous<\/p>\n<\/div>\n\n\n\n<div class=\"wp-block-column is-layout-flow wp-block-column-is-layout-flow\">\n<h3 class=\"widget-title wp-block-heading\">Nous joindre<\/h3>\n\n\n\n<figure class=\"wp-block-image\"><a href=\"http:\/\/re-sourceleadership.com\/fr\/contact-us\/\"><img decoding=\"async\" src=\"http:\/\/re-sourceleadership.com\/wp-content\/uploads\/2019\/10\/Icon_ContactUs.png\" alt=\"\" class=\"wp-image-74\"\/><\/a><\/figure>\n\n\n\n<p class=\"textwidget no-gap\">Discuter de vos besoins <\/p>\n\n\n\n<p class=\"textwidget\">L\u2019\u00e9valuation est gratuite<br><\/p>\n<\/div>\n\n\n\n<div class=\"wp-block-column is-layout-flow wp-block-column-is-layout-flow\"><\/div>\n<\/div>\n\n\n\n<\/div>\n","protected":false},"excerpt":{"rendered":"<p>Tous les services sont offerts en fran\u00e7ais, en anglais ou en format bilingue Louis Young Photo \u00ab&nbsp;D\u00e9couvrez les 6 LeviersMC&nbsp;cl\u00e9s et \u00e9levez votre sant\u00e9 et bien-\u00eatre! Utilisez les 6 LeviersMC&nbsp;cl\u00e9s et devenez le leader que vous \u00e9tiez appel\u00e9 \u00e0 devenir!&nbsp;\u00bb Afficher tout Replier tout Apprentissage et d\u00e9veloppement Sant\u00e9, mieux-\u00eatre, r\u00e9silience \u2014 Les 6 LeviersMC&nbsp;cl\u00e9s D\u00e9veloppement&hellip;<\/p>\n","protected":false},"author":1,"featured_media":0,"parent":0,"menu_order":3,"comment_status":"closed","ping_status":"closed","template":"","meta":{"footnotes":""},"class_list":["post-62","page","type-page","status-publish","hentry"],"translation":{"provider":"WPGlobus","version":"2.12.2","language":"fr","enabled_languages":["en","fr"],"languages":{"en":{"title":true,"content":true,"excerpt":false},"fr":{"title":true,"content":true,"excerpt":false}}},"_links":{"self":[{"href":"https:\/\/re-sourceleadership.com\/fr\/wp-json\/wp\/v2\/pages\/62","targetHints":{"allow":["GET"]}}],"collection":[{"href":"https:\/\/re-sourceleadership.com\/fr\/wp-json\/wp\/v2\/pages"}],"about":[{"href":"https:\/\/re-sourceleadership.com\/fr\/wp-json\/wp\/v2\/types\/page"}],"author":[{"embeddable":true,"href":"https:\/\/re-sourceleadership.com\/fr\/wp-json\/wp\/v2\/users\/1"}],"replies":[{"embeddable":true,"href":"https:\/\/re-sourceleadership.com\/fr\/wp-json\/wp\/v2\/comments?post=62"}],"version-history":[{"count":17,"href":"https:\/\/re-sourceleadership.com\/fr\/wp-json\/wp\/v2\/pages\/62\/revisions"}],"predecessor-version":[{"id":286,"href":"https:\/\/re-sourceleadership.com\/fr\/wp-json\/wp\/v2\/pages\/62\/revisions\/286"}],"wp:attachment":[{"href":"https:\/\/re-sourceleadership.com\/fr\/wp-json\/wp\/v2\/media?parent=62"}],"curies":[{"name":"wp","href":"https:\/\/api.w.org\/{rel}","templated":true}]}}