{"id":90,"date":"2019-10-07T01:15:42","date_gmt":"2019-10-07T05:15:42","guid":{"rendered":"http:\/\/re-sourceleadership.com\/?page_id=90"},"modified":"2021-09-28T00:11:52","modified_gmt":"2021-09-28T04:11:52","slug":"our-clients","status":"publish","type":"page","link":"https:\/\/re-sourceleadership.com\/fr\/our-clients\/","title":{"rendered":"Nos clients"},"content":{"rendered":"\n<div class=\"featureimg-container\">\n      <img decoding=\"async\" class=\"featureimg\" src=\"\/wp-content\/uploads\/2019\/10\/Banner_Image05_01.jpg\">\n      <img decoding=\"async\" class=\"img-overlay\" src=\"\/wp-content\/uploads\/2019\/10\/overlay_2.png\">\n      <div class=\"text-overlay\"><b>Ce que nos clients disent de nous<\/b><\/div>\n<\/div>\n<p style=\"font-size: 0.8em;font-style: italic; line-height: 1.2; width:95%; text-align:right;\">Louis Young Photo<\/p>\n\n\n\n<br><br><hr>\n\n\n\n<div class=\"content_quote\">\n<div id=\"testimonial_rotator_wrap_68\" class=\"testimonial_rotator_wrap with-prevnext \">\n\t<div id=\"testimonial_rotator_68\" class=\"testimonial_rotator  cycletwo-slideshow format-rotator template-longform hreview-aggregate \" data-cycletwo-timeout=\"4000\" data-cycletwo-speed=\"1000\" data-cycletwo-pause-on-hover=\"true\"  data-cycletwo-center-horz=\"true\" data-cycletwo-center-vert=\"true\"  data-cycletwo-swipe=\"true\" data-cycletwo-fx=\"fade\" data-cycletwo-auto-height=\"calc\"  data-cycletwo-next=\"#testimonial_rotator_wrap_68 .testimonial_rotator_next\" data-cycletwo-prev=\"#testimonial_rotator_wrap_68 .testimonial_rotator_prev\" data-cycletwo-slides=\"> div.slide\" data-cycletwo-log=\"false\" >\n<div class=\"slide slide1 testimonial_rotator_slide hreview itemreviewed item  cf-tr\">\n<div class=\"text testimonial_rotator_description\">\n<div class=\"testimonial_rotator_quote\">\n\u00ab\u00a0NOUVEAUX conseils \u00e0 propos de la sant\u00e9 mentale et non pas seulement la r\u00e9p\u00e9tition de ce qui est dit habituellement.\u00a0\u00bb<\/div>\n<\/div>\n\t<div class=\"testimonial_rotator_microdata\">\n\t<div class=\"item\"><div class=\"fn\">Re-Source Leadership Inc.<\/div><\/div>\n\t<div class=\"dtreviewed\"> 2019-10-07T01:04:30-04:00<\/div>\t<div class=\"reviewer\"> \t<div class=\"fn\"> <\/div>\t<\/div>\u00ab\u00a0NOUVEAUX conseils \u00e0 propos de la sant\u00e9 mentale et non pas seulement la r\u00e9p\u00e9tition de ce qui est dit habituellement.\u00a0\u00bb\t<div class=\"summary\"> <\/div>\t<div class=\"permalink\"> https:\/\/re-sourceleadership.com\/fr\/testimonials\/82\/<\/div>\t<\/div><!-- .testimonial_rotator_microdata -->\n<\/div>\n<div class=\"slide slide2 testimonial_rotator_slide hreview itemreviewed item  cf-tr\">\n<div class=\"text testimonial_rotator_description\">\n<div class=\"testimonial_rotator_quote\">\n\u00ab\u00a0J\u2019ai ador\u00e9 la pr\u00e9sentatrice [Virginie Carrier]; elle ma\u00eetrisait parfaitement son sujet.<br \/>\r\n<br \/>\r\nJ\u2019ai \u2014 enfin \u2014 appris quelque chose de plus sur ce sujet.\u00a0\u00bb<\/div>\n<\/div>\n\t<div class=\"testimonial_rotator_microdata\">\n\t<div class=\"item\"><div class=\"fn\">Re-Source Leadership Inc.<\/div><\/div>\n\t<div class=\"dtreviewed\"> 2019-10-07T01:06:51-04:00<\/div>\t<div class=\"reviewer\"> \t<div class=\"fn\"> <\/div>\t<\/div>\u00ab\u00a0J\u2019ai ador\u00e9 la pr\u00e9sentatrice [Virginie Carrier]; elle ma\u00eetrisait parfaitement son sujet. J\u2019ai \u2014 enfin \u2014 appris quelque chose de plus sur ce sujet.\u00a0\u00bb\t<div class=\"summary\"> <\/div>\t<div class=\"permalink\"> https:\/\/re-sourceleadership.com\/fr\/testimonials\/83\/<\/div>\t<\/div><!-- .testimonial_rotator_microdata -->\n<\/div>\n<div class=\"slide slide3 testimonial_rotator_slide hreview itemreviewed item  cf-tr\">\n<div class=\"text testimonial_rotator_description\">\n<div class=\"testimonial_rotator_quote\">\n\u00ab\u00a0La Roue des leviers de sant\u00e9 globale : tr\u00e8s bon concept!\u00a0\u00bb<\/div>\n<\/div>\n\t<div class=\"testimonial_rotator_microdata\">\n\t<div class=\"item\"><div class=\"fn\">Re-Source Leadership Inc.<\/div><\/div>\n\t<div class=\"dtreviewed\"> 2019-10-07T01:07:32-04:00<\/div>\t<div class=\"reviewer\"> \t<div class=\"fn\"> <\/div>\t<\/div>\u00ab\u00a0La Roue des leviers de sant\u00e9 globale : tr\u00e8s bon concept!\u00a0\u00bb\t<div class=\"summary\"> <\/div>\t<div class=\"permalink\"> https:\/\/re-sourceleadership.com\/fr\/testimonials\/84\/<\/div>\t<\/div><!-- .testimonial_rotator_microdata -->\n<\/div>\n<div class=\"slide slide4 testimonial_rotator_slide hreview itemreviewed item  cf-tr\">\n<div class=\"text testimonial_rotator_description\">\n<div class=\"testimonial_rotator_quote\">\n\u00ab\u00a0J\u2019ai bien appr\u00e9ci\u00e9 la conf\u00e9rence de Virginie Carrier.<br \/>\r\n<br \/>\r\nElle \u00e9tait dynamique et nous a mis \u00e0 l\u2019aise \u00e0 s\u2019ouvrir et \u00e0 participer.\u00a0\u00bb<\/div>\n<\/div>\n\t<div class=\"testimonial_rotator_microdata\">\n\t<div class=\"item\"><div class=\"fn\">Re-Source Leadership Inc.<\/div><\/div>\n\t<div class=\"dtreviewed\"> 2019-10-07T01:10:03-04:00<\/div>\t<div class=\"reviewer\"> \t<div class=\"fn\"> <\/div>\t<\/div>\u00ab\u00a0J\u2019ai bien appr\u00e9ci\u00e9 la conf\u00e9rence de Virginie Carrier. Elle \u00e9tait dynamique et nous a mis \u00e0 l\u2019aise \u00e0 s\u2019ouvrir et \u00e0 participer.\u00a0\u00bb\t<div class=\"summary\"> <\/div>\t<div class=\"permalink\"> https:\/\/re-sourceleadership.com\/fr\/testimonials\/85\/<\/div>\t<\/div><!-- .testimonial_rotator_microdata -->\n<\/div>\n<div class=\"slide slide5 testimonial_rotator_slide hreview itemreviewed item  cf-tr\">\n<div class=\"text testimonial_rotator_description\">\n<div class=\"testimonial_rotator_quote\">\n\u00ab\u00a0Excellent partage des langues (s\u00e9ance bilingue). Bravo!\u00a0\u00bb<\/div>\n<\/div>\n\t<div class=\"testimonial_rotator_microdata\">\n\t<div class=\"item\"><div class=\"fn\">Re-Source Leadership Inc.<\/div><\/div>\n\t<div class=\"dtreviewed\"> 2019-10-07T01:10:36-04:00<\/div>\t<div class=\"reviewer\"> \t<div class=\"fn\"> <\/div>\t<\/div>\u00ab\u00a0Excellent partage des langues (s\u00e9ance bilingue). Bravo!\u00a0\u00bb\t<div class=\"summary\"> <\/div>\t<div class=\"permalink\"> https:\/\/re-sourceleadership.com\/fr\/testimonials\/86\/<\/div>\t<\/div><!-- .testimonial_rotator_microdata -->\n<\/div>\n<div class=\"slide slide6 testimonial_rotator_slide hreview itemreviewed item  cf-tr\">\n<div class=\"text testimonial_rotator_description\">\n<div class=\"testimonial_rotator_quote\">\n\u00ab\u00a0Virginie est excellente et tr\u00e8s comp\u00e9tente et dynamique.<br \/>\r\n<br \/>\r\nElle donne des trucs et des conseils concrets et pratiques.\u00a0\u00bb<\/div>\n<\/div>\n\t<div class=\"testimonial_rotator_microdata\">\n\t<div class=\"item\"><div class=\"fn\">Re-Source Leadership Inc.<\/div><\/div>\n\t<div class=\"dtreviewed\"> 2019-10-07T01:11:07-04:00<\/div>\t<div class=\"reviewer\"> \t<div class=\"fn\"> <\/div>\t<\/div>\u00ab\u00a0Virginie est excellente et tr\u00e8s comp\u00e9tente et dynamique. Elle donne des trucs et des conseils concrets et pratiques.\u00a0\u00bb\t<div class=\"summary\"> <\/div>\t<div class=\"permalink\"> https:\/\/re-sourceleadership.com\/fr\/testimonials\/87\/<\/div>\t<\/div><!-- .testimonial_rotator_microdata -->\n<\/div>\n<div class=\"slide slide7 testimonial_rotator_slide hreview itemreviewed item  cf-tr\">\n<div class=\"text testimonial_rotator_description\">\n<div class=\"testimonial_rotator_quote\">\n\u00ab Cet \u00e9v\u00e9nement a r\u00e9pondu \u00e0 mes attentes et m\u00eame plus.<br \/>\r\n<br \/>\r\nJe quitte la journ\u00e9e avec un enrichissement personnel et plusieurs outils. \u00bb<\/div>\n<\/div>\n\t<div class=\"testimonial_rotator_microdata\">\n\t<div class=\"item\"><div class=\"fn\">Re-Source Leadership Inc.<\/div><\/div>\n\t<div class=\"dtreviewed\"> 2019-10-07T01:11:42-04:00<\/div>\t<div class=\"reviewer\"> \t<div class=\"fn\"> <\/div>\t<\/div>\u00ab Cet \u00e9v\u00e9nement a r\u00e9pondu \u00e0 mes attentes et m\u00eame plus. Je quitte la journ\u00e9e avec un enrichissement personnel et plusieurs outils. \u00bb\t<div class=\"summary\"> <\/div>\t<div class=\"permalink\"> https:\/\/re-sourceleadership.com\/fr\/testimonials\/88\/<\/div>\t<\/div><!-- .testimonial_rotator_microdata -->\n<\/div>\n<div class=\"slide slide8 testimonial_rotator_slide hreview itemreviewed item  cf-tr\">\n<div class=\"text testimonial_rotator_description\">\n<div class=\"testimonial_rotator_quote\">\n\u00ab\u00a0La pr\u00e9sentation \u00e9tait tr\u00e8s int\u00e9ressante.<br \/>\r\n<br \/>\r\nElle m\u2019a permis de mieux comprendre certaines situations et de voir d\u2019autres possibilit\u00e9s.\u00a0\u00bb<\/div>\n<\/div>\n\t<div class=\"testimonial_rotator_microdata\">\n\t<div class=\"item\"><div class=\"fn\">Re-Source Leadership Inc.<\/div><\/div>\n\t<div class=\"dtreviewed\"> 2019-10-07T01:12:16-04:00<\/div>\t<div class=\"reviewer\"> \t<div class=\"fn\"> <\/div>\t<\/div>\u00ab\u00a0La pr\u00e9sentation \u00e9tait tr\u00e8s int\u00e9ressante. Elle m\u2019a permis de mieux comprendre certaines situations et de voir d\u2019autres possibilit\u00e9s.\u00a0\u00bb\t<div class=\"summary\"> <\/div>\t<div class=\"permalink\"> https:\/\/re-sourceleadership.com\/fr\/testimonials\/89\/<\/div>\t<\/div><!-- .testimonial_rotator_microdata -->\n<\/div>\n<div class=\"testimonial_rotator_microdata\">\n\t<div class=\"rating\">0<\/div>\n\t<div class=\"count\">0<\/div>\n\t<div class=\"item\"><div class=\"fn\">Re-Source Leadership Inc.<\/div><\/div>\n<\/div>\n<\/div><!-- #testimonial_rotator_68 -->\n<div class=\"testimonial_rotator_nav\">\t<div class=\"testimonial_rotator_prev\"><i class=\"fa fa-chevron-left\"><\/i><\/div>\t<div class=\"testimonial_rotator_next\"><i class=\"fa fa-chevron-right\"><\/i><\/div><\/div>\n<\/div><!-- .testimonial_rotator_wrap -->\n\n\n<\/div>\n\n\n\n<hr><br>\n\n\n\n<p><em>\u00ab&nbsp;L\u2019atelier est de loin un des meilleurs auxquels j\u2019ai eu l\u2019occasion de participer, autant d\u2019un point de vue de pr\u00e9sentation que de contenu. J\u2019ai vraiment appr\u00e9ci\u00e9 le style de pr\u00e9sentation de Virginie et son interaction avec les participants.&nbsp;\u00bb&nbsp; <\/em><\/p>\n\n\n\n<p class=\"no-gap has-text-color\" style=\"color:#262262\"><strong>John Robert<\/strong><\/p>\n\n\n\n<p class=\"no-gap\" style=\"font-size:15px\">Agent\nde contr\u00f4le et des paiements<\/p>\n\n\n\n<p class=\"no-gap\" style=\"font-size:15px\">FedNor (Initiative f\u00e9d\u00e9rale du d\u00e9veloppement \u00e9conomique dans le nord de l&#8217;Ontario)<\/p>\n\n\n\n<p class=\"no-gap\" style=\"font-size:15px\">Innovation, Sciences et D\u00e9veloppement \u00e9conomique Canada<\/p>\n\n\n\n<br><hr><br>\n\n\n\n<p><em>\u00ab&nbsp;Excellente animatrice!&nbsp;\u00bb<\/em><\/p>\n\n\n\n<p class=\"no-gap has-text-color\" style=\"color:#262262\"><strong>Sheryne Morcos<\/strong><\/p>\n\n\n\n<p class=\"no-gap\" style=\"font-size:15px\">Directrice adjointe, relations avec le Cabinet <\/p>\n\n\n\n<p class=\"no-gap\" style=\"font-size:15px\">Affaires\nmondiales Canada<\/p>\n\n\n\n<br><hr><br>\n\n\n\n<p><em>\u00ab La session a \u00e9t\u00e9 tr\u00e8s bien men\u00e9e. Il y avait suffisamment d\u2019interaction et une tr\u00e8s bonne organisation pour les participants virtuels. Le mat\u00e9riel \u00e9tait bien \u00e9labor\u00e9 et facile \u00e0 suivre.&nbsp;\u00bb<\/em><\/p>\n\n\n\n<p class=\"no-gap has-text-color\" style=\"color:#262262\"><strong>Yolanda&nbsp;Inchausti<\/strong><\/p>\n\n\n\n<p class=\"no-gap\" style=\"font-size:15px\">Gestionnaire,&nbsp;technologies de l\u2019information <\/p>\n\n\n\n<p style=\"font-size:15px\"> Services&nbsp;partag\u00e9s&nbsp;Canada<\/p>\n\n\n\n<hr><br><div class=\"content_style1\"><br>\n\n\n\n<h3 class=\"wp-block-heading\">Nos clients incluent <\/h3>\n\n\n\n<p><strong><em>Les organisations qui ont profit\u00e9 de nos services :<\/em><\/strong><\/p>\n\n\n\n<p>Conseil\ndes ressources humaines<\/p>\n\n\n\n<p>Conseil\ndu Tr\u00e9sor du Canada<\/p>\n\n\n\n<p>Conseil\nnational de recherche du Canada<\/p>\n\n\n\n<p>\u00c9cole\nde la fonction publique du Canada <\/p>\n\n\n\n<p>Innovation,\nSciences et D\u00e9veloppement \u00e9conomique Canada<\/p>\n\n\n\n<p>Ressources\nnaturelles Canada<\/p>\n\n\n\n<br><\/div>\n<div class=\"widget_area\">\n\n\n\n<div class=\"wp-block-columns has-3-columns is-layout-flex wp-container-core-columns-is-layout-9d6595d7 wp-block-columns-is-layout-flex\">\n<div class=\"wp-block-column is-layout-flow wp-block-column-is-layout-flow\">\n<h3 class=\"widget-title wp-block-heading\">Accueil<\/h3>\n\n\n\n<figure class=\"wp-block-image\"><a href=\"http:\/\/re-sourceleadership.com\/fr\/\"><img decoding=\"async\" src=\"http:\/\/re-sourceleadership.com\/wp-content\/uploads\/2019\/10\/Icon_Home.png\" alt=\"\" class=\"wp-image-75\"\/><\/a><\/figure>\n\n\n\n<p class=\"textwidget no-gap\">Obtenir les \u00e9l\u00e9ments cl\u00e9s <\/p>\n\n\n\n<p class=\"textwidget\">sur RSL<\/p>\n<\/div>\n\n\n\n<div class=\"wp-block-column is-layout-flow wp-block-column-is-layout-flow\">\n<h3 class=\"widget-title wp-block-heading\"><strong>Qui nous sommes<\/strong><\/h3>\n\n\n\n<figure class=\"wp-block-image\"><a href=\"http:\/\/re-sourceleadership.com\/fr\/about-us\/\"><img decoding=\"async\" src=\"http:\/\/re-sourceleadership.com\/wp-content\/uploads\/2019\/10\/Icon_AboutUs.png\" alt=\"\" class=\"wp-image-73\"\/><\/a><\/figure>\n\n\n\n<p class=\"textwidget no-gap\">Apprendre d\u2019o\u00f9 vient RSL <\/p>\n\n\n\n<p class=\"textwidget\">et qui l\u2019on est<\/p>\n<\/div>\n\n\n\n<div class=\"wp-block-column is-layout-flow wp-block-column-is-layout-flow\">\n<h3 class=\"widget-title wp-block-heading\"><strong>Pourquoi RSL?<\/strong><\/h3>\n\n\n\n<figure class=\"wp-block-image\"><a href=\"http:\/\/re-sourceleadership.com\/fr\/why-rsl\/\"><img decoding=\"async\" src=\"http:\/\/re-sourceleadership.com\/wp-content\/uploads\/2019\/10\/Icon_WhyRSL.png\" alt=\"\" class=\"wp-image-78\"\/><\/a><\/figure>\n\n\n\n<p class=\"textwidget no-gap\">D\u00e9couvrir ce \u00e0 quoi vous pouvez <\/p>\n\n\n\n<p class=\"textwidget\">vous attendre<\/p>\n<\/div>\n<\/div>\n\n\n\n<div class=\"spacer\"><\/div>\n\n\n\n<div class=\"wp-block-columns has-4-columns is-layout-flex wp-container-core-columns-is-layout-9d6595d7 wp-block-columns-is-layout-flex\">\n<div class=\"wp-block-column is-layout-flow wp-block-column-is-layout-flow\"><\/div>\n\n\n\n<div class=\"wp-block-column is-layout-flow wp-block-column-is-layout-flow\">\n<h3 class=\"widget-title wp-block-heading\"><strong>Nos services<\/strong><\/h3>\n\n\n\n<figure class=\"wp-block-image\"><a href=\"http:\/\/re-sourceleadership.com\/fr\/our-services\/\"><img decoding=\"async\" src=\"http:\/\/re-sourceleadership.com\/wp-content\/uploads\/2019\/10\/Icon_OurServices.png\" alt=\"\" class=\"wp-image-77\"\/><\/a><\/figure>\n\n\n\n<p class=\"textwidget no-gap\">Explorer tout <\/p>\n\n\n\n<p class=\"textwidget\">ce que nous offrons<\/p>\n<\/div>\n\n\n\n<div class=\"wp-block-column is-layout-flow wp-block-column-is-layout-flow\">\n<h3 class=\"widget-title wp-block-heading\">Nous joindre<\/h3>\n\n\n\n<figure class=\"wp-block-image\"><a href=\"http:\/\/re-sourceleadership.com\/fr\/contact-us\/\"><img decoding=\"async\" src=\"http:\/\/re-sourceleadership.com\/wp-content\/uploads\/2019\/10\/Icon_ContactUs.png\" alt=\"\" class=\"wp-image-74\"\/><\/a><\/figure>\n\n\n\n<p class=\"textwidget no-gap\">Discuter de vos besoins <\/p>\n\n\n\n<p class=\"textwidget\">L\u2019\u00e9valuation est gratuite<br><\/p>\n<\/div>\n\n\n\n<div class=\"wp-block-column is-layout-flow wp-block-column-is-layout-flow\"><\/div>\n<\/div>\n\n\n\n<\/div>\n","protected":false},"excerpt":{"rendered":"<p>Ce que nos clients disent de nous Louis Young Photo \u00ab&nbsp;L\u2019atelier est de loin un des meilleurs auxquels j\u2019ai eu l\u2019occasion de participer, autant d\u2019un point de vue de pr\u00e9sentation que de contenu. J\u2019ai vraiment appr\u00e9ci\u00e9 le style de pr\u00e9sentation de Virginie et son interaction avec les participants.&nbsp;\u00bb&nbsp; John Robert Agent de contr\u00f4le et des <a href=\"https:\/\/re-sourceleadership.com\/fr\/testimonials\/82\/\" class=\"testimonial-rotator-view-more\">View Full &rarr;<\/a><\/p>\n","protected":false},"author":1,"featured_media":0,"parent":0,"menu_order":4,"comment_status":"closed","ping_status":"closed","template":"","meta":{"footnotes":""},"class_list":["post-90","page","type-page","status-publish","hentry"],"translation":{"provider":"WPGlobus","version":"2.12.2","language":"fr","enabled_languages":["en","fr"],"languages":{"en":{"title":true,"content":true,"excerpt":false},"fr":{"title":true,"content":true,"excerpt":false}}},"_links":{"self":[{"href":"https:\/\/re-sourceleadership.com\/fr\/wp-json\/wp\/v2\/pages\/90","targetHints":{"allow":["GET"]}}],"collection":[{"href":"https:\/\/re-sourceleadership.com\/fr\/wp-json\/wp\/v2\/pages"}],"about":[{"href":"https:\/\/re-sourceleadership.com\/fr\/wp-json\/wp\/v2\/types\/page"}],"author":[{"embeddable":true,"href":"https:\/\/re-sourceleadership.com\/fr\/wp-json\/wp\/v2\/users\/1"}],"replies":[{"embeddable":true,"href":"https:\/\/re-sourceleadership.com\/fr\/wp-json\/wp\/v2\/comments?post=90"}],"version-history":[{"count":12,"href":"https:\/\/re-sourceleadership.com\/fr\/wp-json\/wp\/v2\/pages\/90\/revisions"}],"predecessor-version":[{"id":288,"href":"https:\/\/re-sourceleadership.com\/fr\/wp-json\/wp\/v2\/pages\/90\/revisions\/288"}],"wp:attachment":[{"href":"https:\/\/re-sourceleadership.com\/fr\/wp-json\/wp\/v2\/media?parent=90"}],"curies":[{"name":"wp","href":"https:\/\/api.w.org\/{rel}","templated":true}]}}